{"id":278,"date":"2016-08-01T10:58:32","date_gmt":"2016-08-01T08:58:32","guid":{"rendered":"http:\/\/haus-radlmacher.at.w014de18.kasserver.com\/en\/impressum\/"},"modified":"2025-11-06T10:08:06","modified_gmt":"2025-11-06T09:08:06","slug":"impressum","status":"publish","type":"page","link":"https:\/\/www.haus-radlmacher.at\/en\/impressum\/","title":{"rendered":"Legal"},"content":{"rendered":"<div class=\"wpb-content-wrapper\"><p>[vc_row][vc_column][vc_column_text]<\/p>\n<h1>Legal<\/h1>\n<p>[\/vc_column_text][\/vc_column][\/vc_row][vc_row][vc_column][vc_row_inner][vc_column_inner width=&#8221;1\/3&#8243;][vc_column_text css=&#8221;.vc_custom_1474270817055{margin-bottom: 25px !important;}&#8221;]<\/p>\n<h5>Website owner<\/h5>\n<p>[\/vc_column_text][vc_column_text css=&#8221;&#8221;]Haus Radlmacher<\/p>\n<p>Familie Mooslechner<\/p>\n<p>Untere Marktstra\u00dfe 9<\/p>\n<p>A-5541 Altenmarkt-Zauchensee<\/p>\n<p><a href=\"tel:+436503110568\">Tel. +43 650 31 10 568<\/a><\/p>\n<p><a href=\"mailto:office@impuls-werbeagentur.at\">E-Mail senden<\/a>[\/vc_column_text][\/vc_column_inner][vc_column_inner width=&#8221;1\/3&#8243;][vc_column_text css=&#8221;.vc_custom_1474270823748{margin-bottom: 25px !important;}&#8221;]<\/p>\n<h5>Local Authority<\/h5>\n<p>[\/vc_column_text][vc_column_text]Bezirkshauptmannschaft St. Johann im Pongau[\/vc_column_text][vc_column_text css=&#8221;.vc_custom_1474270831949{margin-bottom: 25px !important;}&#8221;]<\/p>\n<h5>Court of Justice<\/h5>\n<p>[\/vc_column_text][vc_column_text]St. Johann im Pongau[\/vc_column_text][\/vc_column_inner][vc_column_inner width=&#8221;1\/3&#8243;][vc_column_text css=&#8221;.vc_custom_1474270841489{margin-bottom: 25px !important;}&#8221;]<\/p>\n<h5>Concept, web design &amp; technical implementation<\/h5>\n<p>[\/vc_column_text][vc_column_text]IMPULS Werbeagentur OG<\/p>\n<p>Stadtplatz 11<\/p>\n<p>A-5550 Radstadt<\/p>\n<p><a href=\"http:\/\/www.impuls-werbeagentur.at\/\" target=\"_blank\" rel=\"noopener\">www.impuls-werbeagentur.at<\/a>[\/vc_column_text][\/vc_column_inner][\/vc_row_inner][\/vc_column][\/vc_row][vc_row][vc_column][vc_column_text css=&#8221;.vc_custom_1474270852954{margin-bottom: 25px !important;}&#8221;]<\/p>\n<h5>Photo credits<\/h5>\n<p>[\/vc_column_text][vc_column_text]<span class=\"s1\">Altenmarkt-Zauchensee Tourismus, Erlebnis-Therme Amad\u00e9, IMPULS Werbeagentur, privat, Shutterstock<\/span>[\/vc_column_text][vc_column_text]Diese Webseite wurde von der <a href=\"http:\/\/www.impuls-werbeagentur.at\/\" target=\"_blank\" rel=\"noopener\">Full-Service Werbeagentur IMPULS<\/a> aus Radstadt im Pongau gestaltet, welche mit Leidenschaft erfolgreiche\u00a0<a href=\"http:\/\/www.impuls-werbeagentur.at\/#leistungen\" target=\"_blank\" rel=\"noopener\">Webauftritte<\/a>\u00a0f\u00fcr Unternehmen in <a href=\"http:\/\/www.impuls-werbeagentur.at\/#agentur\" target=\"_blank\" rel=\"noopener\">Tourismus<\/a>, <a href=\"http:\/\/www.impuls-werbeagentur.at\/#agentur\" target=\"_blank\" rel=\"noopener\">Gastronomie<\/a>,<a href=\"http:\/\/www.impuls-werbeagentur.at\/#agentur\" target=\"_blank\" rel=\"noopener\"> Handel &amp; Handwerk<\/a> kreiert und umsetzt. Weiters bietet IMPULS den Kunden <a href=\"http:\/\/www.impuls-werbeagentur.at\/#leistungen\" target=\"_blank\" rel=\"noopener\">Printl\u00f6sungen<\/a>\u00a0wie Gesch\u00e4ftsausstattungen, Inserate, Kataloge, Brosch\u00fcren und Flugbl\u00e4tter an. <a href=\"http:\/\/www.impuls-werbeagentur.at\/#leistungen\" target=\"_blank\" rel=\"noopener\">Suchmaschinenoptimierung<\/a>, <a href=\"http:\/\/www.impuls-werbeagentur.at\/#leistungen\" target=\"_blank\" rel=\"noopener\">Webshops<\/a>, <a href=\"http:\/\/www.impuls-werbeagentur.at\/#leistungen\" target=\"_blank\" rel=\"noopener\">Social Marketing<\/a>, <a href=\"http:\/\/www.impuls-werbeagentur.at\/#leistungen\" target=\"_blank\" rel=\"noopener\">Corporate Design<\/a>\u00a0und <a href=\"http:\/\/www.impuls-werbeagentur.at\/#leistungen\" target=\"_blank\" rel=\"noopener\">Outdoor Media<\/a> z\u00e4hlen ebenfalls zu den Kompetenzen der Werbeagentur im Pongau. Werfen Sie einen Blick in die <a href=\"http:\/\/www.impuls-werbeagentur.at\/websites\/\" target=\"_blank\" rel=\"noopener\">Web-Referenzen<\/a>, <a href=\"http:\/\/www.impuls-werbeagentur.at\/drucksorten\/\" target=\"_blank\" rel=\"noopener\">Druck-<\/a>und\u00a0<a href=\"http:\/\/www.impuls-werbeagentur.at\/logos\/\" target=\"_blank\" rel=\"noopener\">Logo-Referenzen<\/a> und \u00fcberzeugen Sie sich von den Qualit\u00e4ten.[\/vc_column_text][\/vc_column][\/vc_row][vc_row][vc_column][vc_column_text]<\/p>\n<h2>Haftungsausschluss<\/h2>\n<p>[\/vc_column_text][vc_column_text css=&#8221;&#8221;]<strong>Inhalt des Onlineangebotes<\/strong><\/p>\n<p>Der Autor \u00fcbernimmt keinerlei Gew\u00e4hr f\u00fcr die Aktualit\u00e4t, Korrektheit, Vollst\u00e4ndigkeit oder Qualit\u00e4t der bereitgestellten Informationen. Haftungsanspr\u00fcche gegen den Autor, welche sich auf Sch\u00e4den materieller oder ideeller Art beziehen, die durch die Nutzung oder Nichtnutzung der dargebotenen Informationen bzw. durch die Nutzung fehlerhafter und unvollst\u00e4ndiger Informationen verursacht wurden, sind grunds\u00e4tzlich ausgeschlossen, sofern seitens des Autors kein nachweislich vors\u00e4tzliches oder grob fahrl\u00e4ssiges Verschulden vorliegt. Alle Angebote sind freibleibend und unverbindlich. Der Autor beh\u00e4lt es sich ausdr\u00fccklich vor, Teile der Seiten oder das gesamte Angebot ohne gesonderte Ank\u00fcndigung zu ver\u00e4ndern, zu erg\u00e4nzen, zu l\u00f6schen oder die Ver\u00f6ffentlichung zeitweise oder endg\u00fcltig einzustellen.<\/p>\n<p>&nbsp;<\/p>\n<p><strong>Verweise und Links<\/strong><\/p>\n<p>Bei direkten oder indirekten Verweisen auf fremde Internetseiten (\u201cLinks\u201d), die au\u00dferhalb des Verantwortungsbereiches des Autors liegen, w\u00fcrde eine Haftungsverpflichtung ausschlie\u00dflich in dem Fall in Kraft treten, in dem der Autor von den Inhalten Kenntnis hat und es ihm technisch m\u00f6glich und zumutbar w\u00e4re, die Nutzung im Falle rechtswidriger Inhalte zu verhindern.Der Autor erkl\u00e4rt hiermit ausdr\u00fccklich, dass zum Zeitpunkt der Linksetzung keine illegalen Inhalte auf den zu verlinkenden Seiten erkennbar waren. Auf die aktuelle und zuk\u00fcnftige Gestaltung, die Inhalte oder die Urheberschaft der gelinkten\/verkn\u00fcpften Seiten hat der Autor keinerlei Einfluss. Deshalb distanziert er sich hiermit ausdr\u00fccklich von allen Inhalten aller gelinkten \/verkn\u00fcpften Seiten, die nach der Linksetzung ver\u00e4ndert wurden. Diese Feststellung gilt f\u00fcr alle innerhalb des eigenen Internetangebotes gesetzten Links und Verweise sowie f\u00fcr Fremdeintr\u00e4ge in vom Autor eingerichteten G\u00e4steb\u00fcchern, Diskussionsforen und Mailinglisten. F\u00fcr illegale, fehlerhafte oder unvollst\u00e4ndige Inhalte und insbesondere f\u00fcr Sch\u00e4den, die aus der Nutzung oder Nichtnutzung solcherart dargebotener Informationen entstehen, haftet allein der Anbieter der Seite, auf welche verwiesen wurde, nicht derjenige, der \u00fcber Links auf die jeweilige Ver\u00f6ffentlichung lediglich verweist.<\/p>\n<p>&nbsp;<\/p>\n<p><strong>Urheber- und Kennzeichenrecht<\/strong><\/p>\n<p>Der Autor ist bestrebt, in allen Publikationen die Urheberrechte der verwendeten Grafiken, Tondokumente, Videosequenzen und Texte zu beachten, von ihm selbst erstellte Grafiken, Tondokumente, Videosequenzen und Texte zu nutzen oder auf lizenzfreie Grafiken, Tondokumente, Videosequenzen und Texte zur\u00fcckzugreifen. Alle innerhalb des Internetangebotes genannten und ggf. durch Dritte gesch\u00fctzten Marken- und Warenzeichen unterliegen uneingeschr\u00e4nkt den Bestimmungen des jeweils g\u00fcltigen Kennzeichenrechts und den Besitzrechten der jeweiligen eingetragenen Eigent\u00fcmer. Allein aufgrund der blo\u00dfen Nennung ist nicht der Schlu\u00df zu ziehen, dass Markenzeichen nicht durch Rechte Dritter gesch\u00fctzt sind! Das Copyright f\u00fcr ver\u00f6ffentlichte, vom Autor selbst erstellte Objekte bleibt allein beim Autor der Seiten. Eine Vervielf\u00e4ltigung oder Verwendung solcher Grafiken, Tondokumente, Videosequenzen und Texte in anderen elektronischen oder gedruckten Publikationen ist ohne ausdr\u00fcckliche Zustimmung des Autors nicht gestattet.<\/p>\n<p>&nbsp;<\/p>\n<p><strong>Rechtswirksamkeit dieses Haftungsausschlusses<\/strong><\/p>\n<p>Dieser Haftungsausschluss ist als Teil des Internetangebotes zu betrachten, von dem aus auf diese Seite verwiesen wurde. Sofern Teile oder einzelne Formulierungen dieses Textes der geltenden Rechtslage nicht, nicht mehr oder nicht vollst\u00e4ndig entsprechen sollten, bleiben die \u00fcbrigen Teile des Dokumentes in ihrem Inhalt und ihrer G\u00fcltigkeit davon unber\u00fchrt.<\/p>\n<p>&nbsp;<\/p>\n<p><strong>W3C<\/strong><\/p>\n<p>Diese Homepage entspricht den Richtlinien der W3C.[\/vc_column_text][\/vc_column][\/vc_row]<\/p>\n<\/div>","protected":false},"excerpt":{"rendered":"<p>[vc_row][vc_column][vc_column_text] Legal [\/vc_column_text][\/vc_column][\/vc_row][vc_row][vc_column][vc_row_inner][vc_column_inner width=&#8221;1\/3&#8243;][vc_column_text css=&#8221;.vc_custom_1474270817055{margin-bottom: 25px !important;}&#8221;] Website owner [\/vc_column_text][vc_column_text css=&#8221;&#8221;]Haus Radlmacher Familie Mooslechner Untere Marktstra\u00dfe 9 A-5541 Altenmarkt-Zauchensee Tel. +43 650 31 10 568 E-Mail senden[\/vc_column_text][\/vc_column_inner][vc_column_inner width=&#8221;1\/3&#8243;][vc_column_text css=&#8221;.vc_custom_1474270823748{margin-bottom: 25px !important;}&#8221;] Local Authority [\/vc_column_text][vc_column_text]Bezirkshauptmannschaft St. Johann im Pongau[\/vc_column_text][vc_column_text css=&#8221;.vc_custom_1474270831949{margin-bottom: 25px !important;}&#8221;] Court of Justice [\/vc_column_text][vc_column_text]St. Johann im Pongau[\/vc_column_text][\/vc_column_inner][vc_column_inner width=&#8221;1\/3&#8243;][vc_column_text css=&#8221;.vc_custom_1474270841489{margin-bottom: 25px !important;}&#8221;] Concept, web design &hellip;<\/p>\n\n<p><a class=\"readmore btn btn-default btn-default btn-block\" href=\"https:\/\/www.haus-radlmacher.at\/en\/impressum\/\">Read More<\/a><\/p>","protected":false},"author":1,"featured_media":0,"parent":0,"menu_order":0,"comment_status":"closed","ping_status":"closed","template":"","meta":{"rs_blank_template":"","rs_page_bg_color":"","slide_template_v7":"","footnotes":""},"class_list":["post-278","page","type-page","status-publish","hentry"],"yoast_head":"<!-- This site is optimized with the Yoast SEO plugin v27.5 - https:\/\/yoast.com\/product\/yoast-seo-wordpress\/ -->\n<title>Legal - Haus Radlmacher<\/title>\n<meta name=\"robots\" content=\"index, follow, max-snippet:-1, max-image-preview:large, max-video-preview:-1\" \/>\n<link rel=\"canonical\" href=\"https:\/\/www.haus-radlmacher.at\/en\/impressum\/\" \/>\n<meta property=\"og:locale\" content=\"en_US\" \/>\n<meta property=\"og:type\" content=\"article\" \/>\n<meta property=\"og:title\" content=\"Legal - Haus Radlmacher\" \/>\n<meta property=\"og:description\" content=\"[vc_row][vc_column][vc_column_text] Legal [\/vc_column_text][\/vc_column][\/vc_row][vc_row][vc_column][vc_row_inner][vc_column_inner width=&#8221;1\/3&#8243;][vc_column_text css=&#8221;.vc_custom_1474270817055{margin-bottom: 25px !important;}&#8221;] Website owner [\/vc_column_text][vc_column_text css=&#8221;&#8221;]Haus Radlmacher Familie Mooslechner Untere Marktstra\u00dfe 9 A-5541 Altenmarkt-Zauchensee Tel. +43 650 31 10 568 E-Mail senden[\/vc_column_text][\/vc_column_inner][vc_column_inner width=&#8221;1\/3&#8243;][vc_column_text css=&#8221;.vc_custom_1474270823748{margin-bottom: 25px !important;}&#8221;] Local Authority [\/vc_column_text][vc_column_text]Bezirkshauptmannschaft St. Johann im Pongau[\/vc_column_text][vc_column_text css=&#8221;.vc_custom_1474270831949{margin-bottom: 25px !important;}&#8221;] Court of Justice [\/vc_column_text][vc_column_text]St. Johann im Pongau[\/vc_column_text][\/vc_column_inner][vc_column_inner width=&#8221;1\/3&#8243;][vc_column_text css=&#8221;.vc_custom_1474270841489{margin-bottom: 25px !important;}&#8221;] Concept, web design &hellip;\" \/>\n<meta property=\"og:url\" content=\"https:\/\/www.haus-radlmacher.at\/en\/impressum\/\" \/>\n<meta property=\"og:site_name\" content=\"Haus Radlmacher\" \/>\n<meta property=\"article:modified_time\" content=\"2025-11-06T09:08:06+00:00\" \/>\n<meta name=\"twitter:label1\" content=\"Est. reading time\" \/>\n\t<meta name=\"twitter:data1\" content=\"4 minutes\" \/>\n<script type=\"application\/ld+json\" class=\"yoast-schema-graph\">{\"@context\":\"https:\\\/\\\/schema.org\",\"@graph\":[{\"@type\":\"WebPage\",\"@id\":\"https:\\\/\\\/www.haus-radlmacher.at\\\/en\\\/impressum\\\/\",\"url\":\"https:\\\/\\\/www.haus-radlmacher.at\\\/en\\\/impressum\\\/\",\"name\":\"Legal - Haus Radlmacher\",\"isPartOf\":{\"@id\":\"https:\\\/\\\/www.haus-radlmacher.at\\\/#website\"},\"datePublished\":\"2016-08-01T08:58:32+00:00\",\"dateModified\":\"2025-11-06T09:08:06+00:00\",\"breadcrumb\":{\"@id\":\"https:\\\/\\\/www.haus-radlmacher.at\\\/en\\\/impressum\\\/#breadcrumb\"},\"inLanguage\":\"en-US\",\"potentialAction\":[{\"@type\":\"ReadAction\",\"target\":[\"https:\\\/\\\/www.haus-radlmacher.at\\\/en\\\/impressum\\\/\"]}]},{\"@type\":\"BreadcrumbList\",\"@id\":\"https:\\\/\\\/www.haus-radlmacher.at\\\/en\\\/impressum\\\/#breadcrumb\",\"itemListElement\":[{\"@type\":\"ListItem\",\"position\":1,\"name\":\"Home\",\"item\":\"https:\\\/\\\/www.haus-radlmacher.at\\\/en\\\/\"},{\"@type\":\"ListItem\",\"position\":2,\"name\":\"Legal\"}]},{\"@type\":\"WebSite\",\"@id\":\"https:\\\/\\\/www.haus-radlmacher.at\\\/#website\",\"url\":\"https:\\\/\\\/www.haus-radlmacher.at\\\/\",\"name\":\"Haus Radlmacher\",\"description\":\"Ferienwohnungen &amp; Zimmer in Altenmarkt\",\"potentialAction\":[{\"@type\":\"SearchAction\",\"target\":{\"@type\":\"EntryPoint\",\"urlTemplate\":\"https:\\\/\\\/www.haus-radlmacher.at\\\/?s={search_term_string}\"},\"query-input\":{\"@type\":\"PropertyValueSpecification\",\"valueRequired\":true,\"valueName\":\"search_term_string\"}}],\"inLanguage\":\"en-US\"}]}<\/script>\n<!-- \/ Yoast SEO plugin. -->","yoast_head_json":{"title":"Legal - Haus Radlmacher","robots":{"index":"index","follow":"follow","max-snippet":"max-snippet:-1","max-image-preview":"max-image-preview:large","max-video-preview":"max-video-preview:-1"},"canonical":"https:\/\/www.haus-radlmacher.at\/en\/impressum\/","og_locale":"en_US","og_type":"article","og_title":"Legal - Haus Radlmacher","og_description":"[vc_row][vc_column][vc_column_text] Legal [\/vc_column_text][\/vc_column][\/vc_row][vc_row][vc_column][vc_row_inner][vc_column_inner width=&#8221;1\/3&#8243;][vc_column_text css=&#8221;.vc_custom_1474270817055{margin-bottom: 25px !important;}&#8221;] Website owner [\/vc_column_text][vc_column_text css=&#8221;&#8221;]Haus Radlmacher Familie Mooslechner Untere Marktstra\u00dfe 9 A-5541 Altenmarkt-Zauchensee Tel. +43 650 31 10 568 E-Mail senden[\/vc_column_text][\/vc_column_inner][vc_column_inner width=&#8221;1\/3&#8243;][vc_column_text css=&#8221;.vc_custom_1474270823748{margin-bottom: 25px !important;}&#8221;] Local Authority [\/vc_column_text][vc_column_text]Bezirkshauptmannschaft St. Johann im Pongau[\/vc_column_text][vc_column_text css=&#8221;.vc_custom_1474270831949{margin-bottom: 25px !important;}&#8221;] Court of Justice [\/vc_column_text][vc_column_text]St. Johann im Pongau[\/vc_column_text][\/vc_column_inner][vc_column_inner width=&#8221;1\/3&#8243;][vc_column_text css=&#8221;.vc_custom_1474270841489{margin-bottom: 25px !important;}&#8221;] Concept, web design &hellip;","og_url":"https:\/\/www.haus-radlmacher.at\/en\/impressum\/","og_site_name":"Haus Radlmacher","article_modified_time":"2025-11-06T09:08:06+00:00","twitter_misc":{"Est. reading time":"4 minutes"},"schema":{"@context":"https:\/\/schema.org","@graph":[{"@type":"WebPage","@id":"https:\/\/www.haus-radlmacher.at\/en\/impressum\/","url":"https:\/\/www.haus-radlmacher.at\/en\/impressum\/","name":"Legal - Haus Radlmacher","isPartOf":{"@id":"https:\/\/www.haus-radlmacher.at\/#website"},"datePublished":"2016-08-01T08:58:32+00:00","dateModified":"2025-11-06T09:08:06+00:00","breadcrumb":{"@id":"https:\/\/www.haus-radlmacher.at\/en\/impressum\/#breadcrumb"},"inLanguage":"en-US","potentialAction":[{"@type":"ReadAction","target":["https:\/\/www.haus-radlmacher.at\/en\/impressum\/"]}]},{"@type":"BreadcrumbList","@id":"https:\/\/www.haus-radlmacher.at\/en\/impressum\/#breadcrumb","itemListElement":[{"@type":"ListItem","position":1,"name":"Home","item":"https:\/\/www.haus-radlmacher.at\/en\/"},{"@type":"ListItem","position":2,"name":"Legal"}]},{"@type":"WebSite","@id":"https:\/\/www.haus-radlmacher.at\/#website","url":"https:\/\/www.haus-radlmacher.at\/","name":"Haus Radlmacher","description":"Ferienwohnungen &amp; Zimmer in Altenmarkt","potentialAction":[{"@type":"SearchAction","target":{"@type":"EntryPoint","urlTemplate":"https:\/\/www.haus-radlmacher.at\/?s={search_term_string}"},"query-input":{"@type":"PropertyValueSpecification","valueRequired":true,"valueName":"search_term_string"}}],"inLanguage":"en-US"}]}},"_links":{"self":[{"href":"https:\/\/www.haus-radlmacher.at\/en\/wp-json\/wp\/v2\/pages\/278","targetHints":{"allow":["GET"]}}],"collection":[{"href":"https:\/\/www.haus-radlmacher.at\/en\/wp-json\/wp\/v2\/pages"}],"about":[{"href":"https:\/\/www.haus-radlmacher.at\/en\/wp-json\/wp\/v2\/types\/page"}],"author":[{"embeddable":true,"href":"https:\/\/www.haus-radlmacher.at\/en\/wp-json\/wp\/v2\/users\/1"}],"replies":[{"embeddable":true,"href":"https:\/\/www.haus-radlmacher.at\/en\/wp-json\/wp\/v2\/comments?post=278"}],"version-history":[{"count":8,"href":"https:\/\/www.haus-radlmacher.at\/en\/wp-json\/wp\/v2\/pages\/278\/revisions"}],"predecessor-version":[{"id":861,"href":"https:\/\/www.haus-radlmacher.at\/en\/wp-json\/wp\/v2\/pages\/278\/revisions\/861"}],"wp:attachment":[{"href":"https:\/\/www.haus-radlmacher.at\/en\/wp-json\/wp\/v2\/media?parent=278"}],"curies":[{"name":"wp","href":"https:\/\/api.w.org\/{rel}","templated":true}]}}